{"id":1417,"date":"2026-02-10T10:35:40","date_gmt":"2026-02-10T10:35:40","guid":{"rendered":"https:\/\/globalsalut.com\/es\/?page_id=1417"},"modified":"2026-02-10T10:49:53","modified_gmt":"2026-02-10T10:49:53","slug":"professionals-2","status":"publish","type":"page","link":"http:\/\/globalsalut.com\/es\/professionals-2\/","title":{"rendered":"Professionals"},"content":{"rendered":"<h2>Coneix el nostre equip<\/h2>\n<figure><img loading=\"lazy\" decoding=\"async\" src=\"http:\/\/globalsalut.com\/es\/wp-content\/uploads\/2014\/08\/DESMARISB.jpg\" alt=\"\" width=\"2772\" height=\"2772\" \/><\/figure>\n<h4>Desmaris Campo<\/h4>\n<p>Diplomada en Fisioter\u00e0pia amb Postgrau en Fisioter\u00e0pia de l&#8217;Esport<\/p>\n<figure><img loading=\"lazy\" decoding=\"async\" src=\"http:\/\/globalsalut.com\/es\/wp-content\/uploads\/2014\/08\/JORDI.jpg\" alt=\"\" width=\"2178\" height=\"2178\" \/><\/figure>\n<h4>Jordi Campo<\/h4>\n<p>Fisioterapeuta, oste\u00f2pata i oste\u00f2pata pedi\u00e0tric<\/p>\n<figure><img loading=\"lazy\" decoding=\"async\" src=\"http:\/\/globalsalut.com\/es\/wp-content\/uploads\/2014\/08\/D\u00cdDAC.jpg\" alt=\"\" width=\"2368\" height=\"2360\" \/><\/figure>\n<h4>D\u00eddac Pastor<\/h4>\n<p>Psiconeuroimmunologia<\/p>\n","protected":false},"excerpt":{"rendered":"<p>Coneix el nostre equip Desmaris Campo Diplomada en Fisioter\u00e0pia amb Postgrau en Fisioter\u00e0pia de l&#8217;Esport Jordi Campo Fisioterapeuta, oste\u00f2pata i oste\u00f2pata pedi\u00e0tric D\u00eddac Pastor Psiconeuroimmunologia<\/p>\n","protected":false},"author":1,"featured_media":0,"parent":0,"menu_order":0,"comment_status":"closed","ping_status":"closed","template":"elementor_theme","meta":{"_kadence_starter_templates_imported_post":false,"footnotes":""},"class_list":["post-1417","page","type-page","status-publish","hentry"],"_links":{"self":[{"href":"http:\/\/globalsalut.com\/es\/wp-json\/wp\/v2\/pages\/1417","targetHints":{"allow":["GET"]}}],"collection":[{"href":"http:\/\/globalsalut.com\/es\/wp-json\/wp\/v2\/pages"}],"about":[{"href":"http:\/\/globalsalut.com\/es\/wp-json\/wp\/v2\/types\/page"}],"author":[{"embeddable":true,"href":"http:\/\/globalsalut.com\/es\/wp-json\/wp\/v2\/users\/1"}],"replies":[{"embeddable":true,"href":"http:\/\/globalsalut.com\/es\/wp-json\/wp\/v2\/comments?post=1417"}],"version-history":[{"count":6,"href":"http:\/\/globalsalut.com\/es\/wp-json\/wp\/v2\/pages\/1417\/revisions"}],"predecessor-version":[{"id":1423,"href":"http:\/\/globalsalut.com\/es\/wp-json\/wp\/v2\/pages\/1417\/revisions\/1423"}],"wp:attachment":[{"href":"http:\/\/globalsalut.com\/es\/wp-json\/wp\/v2\/media?parent=1417"}],"curies":[{"name":"wp","href":"https:\/\/api.w.org\/{rel}","templated":true}]}}